{"id":20441,"date":"2025-06-17T15:06:31","date_gmt":"2025-06-17T12:06:31","guid":{"rendered":"https:\/\/siigur.ee\/restaurants\/tar\/"},"modified":"2026-04-13T12:26:25","modified_gmt":"2026-04-13T09:26:25","slug":"tar","status":"publish","type":"page","link":"https:\/\/siigur.ee\/en\/restaurants\/tar\/","title":{"rendered":"TAR"},"content":{"rendered":"<section class=\"l-section wpb_row restaurant-content height_medium\"><div class=\"l-section-h i-cf\"><div class=\"g-cols vc_row via_flex valign_top type_default stacking_default\"><div class=\"vc_col-sm-12 wpb_column vc_column_container\"><div class=\"vc_column-inner\"><div class=\"wpb_wrapper\"><div class=\"wpb_text_column\"><div class=\"wpb_wrapper\"><h1 style=\"text-align: center;\">TAR \u2013 IN THE HEART OF HELSINKI, ON A HIDDEN ISLAND<\/h1>\n<\/div><\/div><div class=\"w-btn-wrapper align_center\"><a class=\"w-btn us-btn-style_1\" target=\"_blank\" href=\"https:\/\/book.dinnerbooking.com\/fi\/en-US\/book\/index\/4095\/2\"><span class=\"w-btn-label\">BOOK A TABLE<\/span><\/a><\/div><div class=\"w-image align_center\"><div class=\"w-image-h\"><img decoding=\"async\" width=\"2048\" height=\"1365\" src=\"https:\/\/siigur.ee\/wp-content\/uploads\/2026\/01\/TAR-ravintola-2.jpg\" class=\"attachment-full size-full\" alt=\"\" loading=\"lazy\" srcset=\"https:\/\/siigur.ee\/wp-content\/uploads\/2026\/01\/TAR-ravintola-2.jpg 2048w, https:\/\/siigur.ee\/wp-content\/uploads\/2026\/01\/TAR-ravintola-2-300x200.jpg 300w, https:\/\/siigur.ee\/wp-content\/uploads\/2026\/01\/TAR-ravintola-2-1024x683.jpg 1024w, https:\/\/siigur.ee\/wp-content\/uploads\/2026\/01\/TAR-ravintola-2-600x400.jpg 600w, https:\/\/siigur.ee\/wp-content\/uploads\/2026\/01\/TAR-ravintola-2-100x67.jpg 100w\" sizes=\"auto, (max-width: 2048px) 100vw, 2048px\" \/><\/div><\/div><div class=\"wpb_text_column description\"><div class=\"wpb_wrapper\"><p style=\"text-align: center;\" data-start=\"92\" data-end=\"417\">TAR was born from the friendship of three people, connected by years of trust and a shared passion for great flavors, thoughtful spaces, and genuine hospitality. The restaurant was founded by <strong>T\u00f5nis Siigur<\/strong> and <strong>Martti Siimann<\/strong>, the team behind Siigur Restaurants iin Estonia, together with Finnish actor and entrepreneur <strong>Jasper P\u00e4\u00e4kk\u00f6nen<\/strong>.<\/p>\n<\/p>\n<p style=\"text-align: center;\" data-start=\"419\" data-end=\"737\">Their friendship and collaboration have grown over time, driven by a shared desire to create something truly special, both in content and form. A place where people feel welcome and every detail tells a story. The historic building on <strong>Tervasaari<\/strong>, with its view over the sea and the city, felt like the perfect setting.<\/p>\n<\/p>\n<p style=\"text-align: center;\" data-start=\"739\" data-end=\"908\">And so <strong>TAR was born<\/strong> \u2013 a restaurant where heritage and modern thinking come together. A warm and unique meeting place for sharing flavors, moments, and inspiring stories.<\/p>\n<\/div><\/div><div class=\"wpb_text_column\"><div class=\"wpb_wrapper\"><h2 style=\"text-align: center;\">CAPACITY: 100 PEOPLE<\/h2>\n<\/div><\/div><div class=\"w-btn-wrapper align_center\"><a class=\"w-btn us-btn-style_1\" target=\"_blank\" href=\"https:\/\/ravintolatar.fi\/\"><span class=\"w-btn-label\">VISIT OUR WEBSITE<\/span><\/a><\/div><div class=\"wpb_text_column\"><div class=\"wpb_wrapper\"><p style=\"text-align: center;\">For reservations with more than 11 guests or for special requests, please send an inquiry to <a class=\"cursor-pointer\" href=\"mailto:tar@ravintolatar.fi\" target=\"_blank\" rel=\"noopener\" data-start=\"93\" data-end=\"112\">tar@ravintolatar.fi\u00a0<\/a><\/p>\n<\/div><\/div><\/div><\/div><\/div><\/div><\/div><\/section>\n","protected":false},"excerpt":{"rendered":"TAR \u2013 IN THE HEART OF HELSINKI, ON A HIDDEN ISLAND BOOK A TABLETAR was born from the friendship of three people, connected by years of trust and a shared passion for great flavors, thoughtful spaces, and genuine hospitality. The restaurant was founded by T\u00f5nis Siigur and Martti Siimann, the team behind Siigur Restaurants iin...","protected":false},"author":17,"featured_media":0,"parent":15445,"menu_order":0,"comment_status":"closed","ping_status":"closed","template":"","meta":{"footnotes":""},"class_list":["post-20441","page","type-page","status-publish","hentry"],"yoast_head":"<!-- This site is optimized with the Yoast SEO plugin v26.8 - https:\/\/yoast.com\/product\/yoast-seo-wordpress\/ -->\n<title>TAR - Siigur Restaurant Collection<\/title>\n<meta name=\"robots\" content=\"index, follow, max-snippet:-1, max-image-preview:large, max-video-preview:-1\" \/>\n<link rel=\"canonical\" href=\"https:\/\/siigur.ee\/en\/restaurants\/tar\/\" \/>\n<meta property=\"og:locale\" content=\"en_US\" \/>\n<meta property=\"og:type\" content=\"article\" \/>\n<meta property=\"og:title\" content=\"TAR - Siigur Restaurant Collection\" \/>\n<meta property=\"og:url\" content=\"https:\/\/siigur.ee\/en\/restaurants\/tar\/\" \/>\n<meta property=\"og:site_name\" content=\"Siigur Restaurant Collection\" \/>\n<meta property=\"article:modified_time\" content=\"2026-04-13T09:26:25+00:00\" \/>\n<meta name=\"twitter:card\" content=\"summary_large_image\" \/>\n<meta name=\"twitter:label1\" content=\"Est. reading time\" \/>\n\t<meta name=\"twitter:data1\" content=\"1 minute\" \/>\n<script type=\"application\/ld+json\" class=\"yoast-schema-graph\">{\"@context\":\"https:\/\/schema.org\",\"@graph\":[{\"@type\":\"WebPage\",\"@id\":\"https:\/\/siigur.ee\/en\/restaurants\/tar\/\",\"url\":\"https:\/\/siigur.ee\/en\/restaurants\/tar\/\",\"name\":\"TAR - Siigur Restaurant Collection\",\"isPartOf\":{\"@id\":\"https:\/\/siigur.ee\/en\/#website\"},\"datePublished\":\"2025-06-17T12:06:31+00:00\",\"dateModified\":\"2026-04-13T09:26:25+00:00\",\"breadcrumb\":{\"@id\":\"https:\/\/siigur.ee\/en\/restaurants\/tar\/#breadcrumb\"},\"inLanguage\":\"en-US\",\"potentialAction\":[{\"@type\":\"ReadAction\",\"target\":[\"https:\/\/siigur.ee\/en\/restaurants\/tar\/\"]}]},{\"@type\":\"BreadcrumbList\",\"@id\":\"https:\/\/siigur.ee\/en\/restaurants\/tar\/#breadcrumb\",\"itemListElement\":[{\"@type\":\"ListItem\",\"position\":1,\"name\":\"Home\",\"item\":\"https:\/\/siigur.ee\/en\/\"},{\"@type\":\"ListItem\",\"position\":2,\"name\":\"Our restaurants\",\"item\":\"https:\/\/siigur.ee\/en\/restaurants\/\"},{\"@type\":\"ListItem\",\"position\":3,\"name\":\"TAR\"}]},{\"@type\":\"WebSite\",\"@id\":\"https:\/\/siigur.ee\/en\/#website\",\"url\":\"https:\/\/siigur.ee\/en\/\",\"name\":\"Siigur Restaurant Collection\",\"description\":\"\",\"potentialAction\":[{\"@type\":\"SearchAction\",\"target\":{\"@type\":\"EntryPoint\",\"urlTemplate\":\"https:\/\/siigur.ee\/en\/?s={search_term_string}\"},\"query-input\":{\"@type\":\"PropertyValueSpecification\",\"valueRequired\":true,\"valueName\":\"search_term_string\"}}],\"inLanguage\":\"en-US\"}]}<\/script>\n<!-- \/ Yoast SEO plugin. -->","yoast_head_json":{"title":"TAR - Siigur Restaurant Collection","robots":{"index":"index","follow":"follow","max-snippet":"max-snippet:-1","max-image-preview":"max-image-preview:large","max-video-preview":"max-video-preview:-1"},"canonical":"https:\/\/siigur.ee\/en\/restaurants\/tar\/","og_locale":"en_US","og_type":"article","og_title":"TAR - Siigur Restaurant Collection","og_url":"https:\/\/siigur.ee\/en\/restaurants\/tar\/","og_site_name":"Siigur Restaurant Collection","article_modified_time":"2026-04-13T09:26:25+00:00","twitter_card":"summary_large_image","twitter_misc":{"Est. reading time":"1 minute"},"schema":{"@context":"https:\/\/schema.org","@graph":[{"@type":"WebPage","@id":"https:\/\/siigur.ee\/en\/restaurants\/tar\/","url":"https:\/\/siigur.ee\/en\/restaurants\/tar\/","name":"TAR - Siigur Restaurant Collection","isPartOf":{"@id":"https:\/\/siigur.ee\/en\/#website"},"datePublished":"2025-06-17T12:06:31+00:00","dateModified":"2026-04-13T09:26:25+00:00","breadcrumb":{"@id":"https:\/\/siigur.ee\/en\/restaurants\/tar\/#breadcrumb"},"inLanguage":"en-US","potentialAction":[{"@type":"ReadAction","target":["https:\/\/siigur.ee\/en\/restaurants\/tar\/"]}]},{"@type":"BreadcrumbList","@id":"https:\/\/siigur.ee\/en\/restaurants\/tar\/#breadcrumb","itemListElement":[{"@type":"ListItem","position":1,"name":"Home","item":"https:\/\/siigur.ee\/en\/"},{"@type":"ListItem","position":2,"name":"Our restaurants","item":"https:\/\/siigur.ee\/en\/restaurants\/"},{"@type":"ListItem","position":3,"name":"TAR"}]},{"@type":"WebSite","@id":"https:\/\/siigur.ee\/en\/#website","url":"https:\/\/siigur.ee\/en\/","name":"Siigur Restaurant Collection","description":"","potentialAction":[{"@type":"SearchAction","target":{"@type":"EntryPoint","urlTemplate":"https:\/\/siigur.ee\/en\/?s={search_term_string}"},"query-input":{"@type":"PropertyValueSpecification","valueRequired":true,"valueName":"search_term_string"}}],"inLanguage":"en-US"}]}},"_links":{"self":[{"href":"https:\/\/siigur.ee\/en\/wp-json\/wp\/v2\/pages\/20441","targetHints":{"allow":["GET"]}}],"collection":[{"href":"https:\/\/siigur.ee\/en\/wp-json\/wp\/v2\/pages"}],"about":[{"href":"https:\/\/siigur.ee\/en\/wp-json\/wp\/v2\/types\/page"}],"author":[{"embeddable":true,"href":"https:\/\/siigur.ee\/en\/wp-json\/wp\/v2\/users\/17"}],"replies":[{"embeddable":true,"href":"https:\/\/siigur.ee\/en\/wp-json\/wp\/v2\/comments?post=20441"}],"version-history":[{"count":14,"href":"https:\/\/siigur.ee\/en\/wp-json\/wp\/v2\/pages\/20441\/revisions"}],"predecessor-version":[{"id":24235,"href":"https:\/\/siigur.ee\/en\/wp-json\/wp\/v2\/pages\/20441\/revisions\/24235"}],"up":[{"embeddable":true,"href":"https:\/\/siigur.ee\/en\/wp-json\/wp\/v2\/pages\/15445"}],"wp:attachment":[{"href":"https:\/\/siigur.ee\/en\/wp-json\/wp\/v2\/media?parent=20441"}],"curies":[{"name":"wp","href":"https:\/\/api.w.org\/{rel}","templated":true}]}}